{"id":649,"date":"2018-05-15T23:52:23","date_gmt":"2018-05-16T02:52:23","guid":{"rendered":"http:\/\/msnovo.integrativo.com.br\/\/?page_id=649"},"modified":"2021-02-06T22:46:25","modified_gmt":"2021-02-07T01:46:25","slug":"contato","status":"publish","type":"page","link":"https:\/\/integrativo.com.br\/portal\/contato\/","title":{"rendered":"CONTATO"},"content":{"rendered":"\n<figure class=\"wp-block-image size-large\"><img loading=\"lazy\" decoding=\"async\" width=\"700\" height=\"210\" src=\"https:\/\/integrativo.com.br\/portal\/wp-content\/uploads\/2021\/02\/IntegrativoReImagem-Depositphotos_200956470_xl-2015-Psicopatologia-e1612658355832-2-700x210.png\" alt=\"\" class=\"wp-image-2643\" srcset=\"https:\/\/integrativo.com.br\/portal\/wp-content\/uploads\/2021\/02\/IntegrativoReImagem-Depositphotos_200956470_xl-2015-Psicopatologia-e1612658355832-2-700x210.png 700w, https:\/\/integrativo.com.br\/portal\/wp-content\/uploads\/2021\/02\/IntegrativoReImagem-Depositphotos_200956470_xl-2015-Psicopatologia-e1612658355832-2-300x90.png 300w, https:\/\/integrativo.com.br\/portal\/wp-content\/uploads\/2021\/02\/IntegrativoReImagem-Depositphotos_200956470_xl-2015-Psicopatologia-e1612658355832-2-768x230.png 768w, https:\/\/integrativo.com.br\/portal\/wp-content\/uploads\/2021\/02\/IntegrativoReImagem-Depositphotos_200956470_xl-2015-Psicopatologia-e1612658355832-2-800x240.png 800w, https:\/\/integrativo.com.br\/portal\/wp-content\/uploads\/2021\/02\/IntegrativoReImagem-Depositphotos_200956470_xl-2015-Psicopatologia-e1612658355832-2.png 1260w\" sizes=\"auto, (max-width: 700px) 100vw, 700px\" \/><\/figure>\n\n\n\n<div class=\"wp-block-contact-form-7-contact-form-selector\">\n<div class=\"wpcf7 no-js\" id=\"wpcf7-f471-o1\" lang=\"pt-BR\" dir=\"ltr\" data-wpcf7-id=\"471\">\n<div class=\"screen-reader-response\"><p role=\"status\" aria-live=\"polite\" aria-atomic=\"true\"><\/p> <ul><\/ul><\/div>\n<form action=\"\/portal\/wp-json\/wp\/v2\/pages\/649#wpcf7-f471-o1\" method=\"post\" class=\"wpcf7-form init\" aria-label=\"Formul\u00e1rios de contato\" novalidate=\"novalidate\" data-status=\"init\">\n<fieldset class=\"hidden-fields-container\"><input type=\"hidden\" name=\"_wpcf7\" value=\"471\" \/><input type=\"hidden\" name=\"_wpcf7_version\" value=\"6.1.5\" \/><input type=\"hidden\" name=\"_wpcf7_locale\" value=\"pt_BR\" \/><input type=\"hidden\" name=\"_wpcf7_unit_tag\" value=\"wpcf7-f471-o1\" \/><input type=\"hidden\" name=\"_wpcf7_container_post\" value=\"0\" \/><input type=\"hidden\" name=\"_wpcf7_posted_data_hash\" value=\"\" \/>\n<\/fieldset>\n<p><label> Seu nome (obrigat\u00f3rio)<br \/>\n<span class=\"wpcf7-form-control-wrap\" data-name=\"your-name\"><input size=\"40\" maxlength=\"400\" class=\"wpcf7-form-control wpcf7-text wpcf7-validates-as-required\" aria-required=\"true\" aria-invalid=\"false\" value=\"\" type=\"text\" name=\"your-name\" \/><\/span> <\/label>\n<\/p>\n<p><label> Seu e-mail (obrigat\u00f3rio)<br \/>\n<span class=\"wpcf7-form-control-wrap\" data-name=\"your-email\"><input size=\"40\" maxlength=\"400\" class=\"wpcf7-form-control wpcf7-email wpcf7-validates-as-required wpcf7-text wpcf7-validates-as-email\" aria-required=\"true\" aria-invalid=\"false\" value=\"\" type=\"email\" name=\"your-email\" \/><\/span> <\/label>\n<\/p>\n<p><label> Assunto<br \/>\n<span class=\"wpcf7-form-control-wrap\" data-name=\"your-subject\"><input size=\"40\" maxlength=\"400\" class=\"wpcf7-form-control wpcf7-text\" aria-invalid=\"false\" value=\"\" type=\"text\" name=\"your-subject\" \/><\/span> <\/label>\n<\/p>\n<p><label> Sua mensagem<br \/>\n<span class=\"wpcf7-form-control-wrap\" data-name=\"your-message\"><textarea cols=\"40\" rows=\"10\" maxlength=\"2000\" class=\"wpcf7-form-control wpcf7-textarea\" aria-invalid=\"false\" name=\"your-message\"><\/textarea><\/span> <\/label>\n<\/p>\n<p><input class=\"wpcf7-form-control wpcf7-submit has-spinner\" type=\"submit\" value=\"Enviar\" \/>\n<\/p><p style=\"display: none !important;\" class=\"akismet-fields-container\" data-prefix=\"_wpcf7_ak_\"><label>&#916;<textarea name=\"_wpcf7_ak_hp_textarea\" cols=\"45\" rows=\"8\" maxlength=\"100\"><\/textarea><\/label><input type=\"hidden\" id=\"ak_js_1\" name=\"_wpcf7_ak_js\" value=\"75\"\/><script>document.getElementById( \"ak_js_1\" ).setAttribute( \"value\", ( new Date() ).getTime() );<\/script><\/p><div class=\"wpcf7-response-output\" aria-hidden=\"true\"><\/div>\n<\/form>\n<\/div>\n<\/div>\n","protected":false},"excerpt":{"rendered":"","protected":false},"author":3,"featured_media":0,"parent":0,"menu_order":0,"comment_status":"closed","ping_status":"closed","template":"","meta":{"footnotes":""},"class_list":["post-649","page","type-page","status-publish","hentry"],"yoast_head":"<!-- This site is optimized with the Yoast SEO Premium plugin v17.1.2 (Yoast SEO v27.4) - https:\/\/yoast.com\/product\/yoast-seo-premium-wordpress\/ -->\n<title>CONTATO - Integrativo<\/title>\n<meta name=\"robots\" content=\"index, follow, max-snippet:-1, max-image-preview:large, max-video-preview:-1\" \/>\n<link rel=\"canonical\" href=\"https:\/\/integrativo.com.br\/portal\/contato\/\" \/>\n<meta property=\"og:locale\" content=\"pt_BR\" \/>\n<meta property=\"og:type\" content=\"article\" \/>\n<meta property=\"og:title\" content=\"CONTATO\" \/>\n<meta property=\"og:url\" content=\"https:\/\/integrativo.com.br\/portal\/contato\/\" \/>\n<meta property=\"og:site_name\" content=\"Integrativo\" \/>\n<meta property=\"article:modified_time\" content=\"2021-02-07T01:46:25+00:00\" \/>\n<meta property=\"og:image\" content=\"https:\/\/integrativo.com.br\/portal\/wp-content\/uploads\/2021\/02\/IntegrativoReImagem-Depositphotos_200956470_xl-2015-Psicopatologia-e1612658355832-2-700x210.png\" \/>\n<meta name=\"twitter:card\" content=\"summary_large_image\" \/>\n<meta name=\"twitter:label1\" content=\"Est. tempo de leitura\" \/>\n\t<meta name=\"twitter:data1\" content=\"1 minuto\" \/>\n<script type=\"application\/ld+json\" class=\"yoast-schema-graph\">{\"@context\":\"https:\\\/\\\/schema.org\",\"@graph\":[{\"@type\":\"WebPage\",\"@id\":\"https:\\\/\\\/integrativo.com.br\\\/portal\\\/contato\\\/\",\"url\":\"https:\\\/\\\/integrativo.com.br\\\/portal\\\/contato\\\/\",\"name\":\"CONTATO - Integrativo\",\"isPartOf\":{\"@id\":\"https:\\\/\\\/integrativo.com.br\\\/portal\\\/#website\"},\"primaryImageOfPage\":{\"@id\":\"https:\\\/\\\/integrativo.com.br\\\/portal\\\/contato\\\/#primaryimage\"},\"image\":{\"@id\":\"https:\\\/\\\/integrativo.com.br\\\/portal\\\/contato\\\/#primaryimage\"},\"thumbnailUrl\":\"https:\\\/\\\/integrativo.com.br\\\/portal\\\/wp-content\\\/uploads\\\/2021\\\/02\\\/IntegrativoReImagem-Depositphotos_200956470_xl-2015-Psicopatologia-e1612658355832-2-700x210.png\",\"datePublished\":\"2018-05-16T02:52:23+00:00\",\"dateModified\":\"2021-02-07T01:46:25+00:00\",\"breadcrumb\":{\"@id\":\"https:\\\/\\\/integrativo.com.br\\\/portal\\\/contato\\\/#breadcrumb\"},\"inLanguage\":\"pt-BR\",\"potentialAction\":[{\"@type\":\"ReadAction\",\"target\":[\"https:\\\/\\\/integrativo.com.br\\\/portal\\\/contato\\\/\"]}]},{\"@type\":\"ImageObject\",\"inLanguage\":\"pt-BR\",\"@id\":\"https:\\\/\\\/integrativo.com.br\\\/portal\\\/contato\\\/#primaryimage\",\"url\":\"https:\\\/\\\/integrativo.com.br\\\/portal\\\/wp-content\\\/uploads\\\/2021\\\/02\\\/IntegrativoReImagem-Depositphotos_200956470_xl-2015-Psicopatologia-e1612658355832-2.png\",\"contentUrl\":\"https:\\\/\\\/integrativo.com.br\\\/portal\\\/wp-content\\\/uploads\\\/2021\\\/02\\\/IntegrativoReImagem-Depositphotos_200956470_xl-2015-Psicopatologia-e1612658355832-2.png\",\"width\":1260,\"height\":378},{\"@type\":\"BreadcrumbList\",\"@id\":\"https:\\\/\\\/integrativo.com.br\\\/portal\\\/contato\\\/#breadcrumb\",\"itemListElement\":[{\"@type\":\"ListItem\",\"position\":1,\"name\":\"Home\",\"item\":\"https:\\\/\\\/integrativo.com.br\\\/portal\\\/\"},{\"@type\":\"ListItem\",\"position\":2,\"name\":\"CONTATO\"}]},{\"@type\":\"WebSite\",\"@id\":\"https:\\\/\\\/integrativo.com.br\\\/portal\\\/#website\",\"url\":\"https:\\\/\\\/integrativo.com.br\\\/portal\\\/\",\"name\":\"Integrativo\",\"description\":\"Unindo Saberes em Sa\u00fade Mental\",\"potentialAction\":[{\"@type\":\"SearchAction\",\"target\":{\"@type\":\"EntryPoint\",\"urlTemplate\":\"https:\\\/\\\/integrativo.com.br\\\/portal\\\/?s={search_term_string}\"},\"query-input\":{\"@type\":\"PropertyValueSpecification\",\"valueRequired\":true,\"valueName\":\"search_term_string\"}}],\"inLanguage\":\"pt-BR\"}]}<\/script>\n<!-- \/ Yoast SEO Premium plugin. -->","yoast_head_json":{"title":"CONTATO - Integrativo","robots":{"index":"index","follow":"follow","max-snippet":"max-snippet:-1","max-image-preview":"max-image-preview:large","max-video-preview":"max-video-preview:-1"},"canonical":"https:\/\/integrativo.com.br\/portal\/contato\/","og_locale":"pt_BR","og_type":"article","og_title":"CONTATO","og_url":"https:\/\/integrativo.com.br\/portal\/contato\/","og_site_name":"Integrativo","article_modified_time":"2021-02-07T01:46:25+00:00","og_image":[{"url":"https:\/\/integrativo.com.br\/portal\/wp-content\/uploads\/2021\/02\/IntegrativoReImagem-Depositphotos_200956470_xl-2015-Psicopatologia-e1612658355832-2-700x210.png","type":"","width":"","height":""}],"twitter_card":"summary_large_image","twitter_misc":{"Est. tempo de leitura":"1 minuto"},"schema":{"@context":"https:\/\/schema.org","@graph":[{"@type":"WebPage","@id":"https:\/\/integrativo.com.br\/portal\/contato\/","url":"https:\/\/integrativo.com.br\/portal\/contato\/","name":"CONTATO - Integrativo","isPartOf":{"@id":"https:\/\/integrativo.com.br\/portal\/#website"},"primaryImageOfPage":{"@id":"https:\/\/integrativo.com.br\/portal\/contato\/#primaryimage"},"image":{"@id":"https:\/\/integrativo.com.br\/portal\/contato\/#primaryimage"},"thumbnailUrl":"https:\/\/integrativo.com.br\/portal\/wp-content\/uploads\/2021\/02\/IntegrativoReImagem-Depositphotos_200956470_xl-2015-Psicopatologia-e1612658355832-2-700x210.png","datePublished":"2018-05-16T02:52:23+00:00","dateModified":"2021-02-07T01:46:25+00:00","breadcrumb":{"@id":"https:\/\/integrativo.com.br\/portal\/contato\/#breadcrumb"},"inLanguage":"pt-BR","potentialAction":[{"@type":"ReadAction","target":["https:\/\/integrativo.com.br\/portal\/contato\/"]}]},{"@type":"ImageObject","inLanguage":"pt-BR","@id":"https:\/\/integrativo.com.br\/portal\/contato\/#primaryimage","url":"https:\/\/integrativo.com.br\/portal\/wp-content\/uploads\/2021\/02\/IntegrativoReImagem-Depositphotos_200956470_xl-2015-Psicopatologia-e1612658355832-2.png","contentUrl":"https:\/\/integrativo.com.br\/portal\/wp-content\/uploads\/2021\/02\/IntegrativoReImagem-Depositphotos_200956470_xl-2015-Psicopatologia-e1612658355832-2.png","width":1260,"height":378},{"@type":"BreadcrumbList","@id":"https:\/\/integrativo.com.br\/portal\/contato\/#breadcrumb","itemListElement":[{"@type":"ListItem","position":1,"name":"Home","item":"https:\/\/integrativo.com.br\/portal\/"},{"@type":"ListItem","position":2,"name":"CONTATO"}]},{"@type":"WebSite","@id":"https:\/\/integrativo.com.br\/portal\/#website","url":"https:\/\/integrativo.com.br\/portal\/","name":"Integrativo","description":"Unindo Saberes em Sa\u00fade Mental","potentialAction":[{"@type":"SearchAction","target":{"@type":"EntryPoint","urlTemplate":"https:\/\/integrativo.com.br\/portal\/?s={search_term_string}"},"query-input":{"@type":"PropertyValueSpecification","valueRequired":true,"valueName":"search_term_string"}}],"inLanguage":"pt-BR"}]}},"jetpack-related-posts":[{"id":112,"url":"https:\/\/integrativo.com.br\/portal\/navegar\/aprendendo-a-navegar-e-participar-no-saudementalpsq\/envio-de-material-para-postagem\/","url_meta":{"origin":649,"position":0},"title":"2Envio de material para postagem","author":"Equipe Integrativo","date":"9 de maio de 2016","format":false,"excerpt":"Se voc\u00ea \u00e9 profissional de sa\u00fade mental ou simpatizante e deseja participar deste espa\u00e7o de forma mais ativa, use os campos\u00a0abaixo para inserir \u00a0artigos de revistas, jornais, websites, videos do youtube, etc. Faremos uma sele\u00e7\u00e3o e postaremos aqueles que encaixam com o objetivo e proposta deste trabalho. Agradecido, Moderador do\u00a0Mente\u2026","rel":"","context":"Post similar","block_context":{"text":"Post similar","link":""},"img":{"alt_text":"","src":"https:\/\/i0.wp.com\/mentesaudavel.integrativo.com.br\/wp-content\/uploads\/2018\/07\/email-244x300.png?resize=350%2C200","width":350,"height":200},"classes":[]},{"id":1110,"url":"https:\/\/integrativo.com.br\/portal\/quem-somos\/","url_meta":{"origin":649,"position":1},"title":"QUEM SOMOS","author":"Equipe Integrativo","date":"16 de setembro de 2018","format":false,"excerpt":"Ol\u00e1, seja bem-vinda (o)! INTEGRATIVO, do latim Integratus, que integra ou promove a integra\u00e7\u00e3o. Vivemos em um momento cuja tend\u00eancia \u00e9 de unifica\u00e7\u00e3o e integra\u00e7\u00e3o. As barreiras entre l\u00ednguas, saberes, ra\u00e7as, g\u00eanero, nacionalidade aos poucos est\u00e3o sendo rompidas. O conceito de Integra\u00e7\u00e3o passou a ser um elemento importante para os\u2026","rel":"","context":"Post similar","block_context":{"text":"Post similar","link":""},"img":{"alt_text":"","src":"https:\/\/i0.wp.com\/integrativo.com.br\/portal\/wp-content\/uploads\/2021\/06\/WhatsApp-Image-2021-06-22-at-09.10.50.png?resize=350%2C200&ssl=1","width":350,"height":200,"srcset":"https:\/\/i0.wp.com\/integrativo.com.br\/portal\/wp-content\/uploads\/2021\/06\/WhatsApp-Image-2021-06-22-at-09.10.50.png?resize=350%2C200&ssl=1 1x, https:\/\/i0.wp.com\/integrativo.com.br\/portal\/wp-content\/uploads\/2021\/06\/WhatsApp-Image-2021-06-22-at-09.10.50.png?resize=525%2C300&ssl=1 1.5x"},"classes":[]},{"id":1111,"url":"https:\/\/integrativo.com.br\/portal\/autores\/","url_meta":{"origin":649,"position":2},"title":"AUTORES","author":"Equipe Integrativo","date":"16 de setembro de 2018","format":false,"excerpt":"A equipe que escreve as p\u00e1ginas autorais do portal \u00e9 formada por profissionais qualificados na \u00e1rea m\u00e9dica e psicol\u00f3gica. Conhe\u00e7a: FL\u00c1VIO VERVLOET Titulo de Especialista em Psiquiatria - CRM DF 4649 - RQE 16700 P\u00f3s graduado em Psiquiatria pelo IPEMED (Instituto de Pesquisa e ensino M\u00e9dico ) - S\u00e3o Paulo.\u2026","rel":"","context":"Post similar","block_context":{"text":"Post similar","link":""},"img":{"alt_text":"","src":"https:\/\/i0.wp.com\/mentesaudavel.integrativo.com.br\/wp-content\/uploads\/2018\/09\/0.jpg?resize=350%2C200","width":350,"height":200},"classes":[]},{"id":164,"url":"https:\/\/integrativo.com.br\/portal\/navegar\/aprendendo-a-navegar-e-participar-no-saudementalpsq\/","url_meta":{"origin":649,"position":3},"title":"Aprendendo a navegar e participar","author":"Equipe Integrativo","date":"15 de maio de 2016","format":false,"excerpt":"1Passo a Passo para uso do Mente Saud\u00e1vel 2Envio de material para postagem 3Colocando legenda em portugu\u00eas no youtube","rel":"","context":"Post similar","block_context":{"text":"Post similar","link":""},"img":{"alt_text":"","src":"","width":0,"height":0},"classes":[]},{"id":278,"url":"https:\/\/integrativo.com.br\/portal\/navegar\/aprendendo-a-navegar-e-participar-no-saudementalpsq\/colocando-legenda-em-portugues-no-youtube\/","url_meta":{"origin":649,"position":4},"title":"3Colocando legenda em portugu\u00eas no youtube","author":"Equipe Integrativo","date":"20 de janeiro de 2017","format":false,"excerpt":"Segue abaixo link para um passo a passo para colocar legenda em v\u00eddeos de l\u00edngua estrangeira (quando dispon\u00edvel). Passo a Passo para colocar legenda em portugu\u00eas - videos youtube","rel":"","context":"Post similar","block_context":{"text":"Post similar","link":""},"img":{"alt_text":"","src":"https:\/\/i0.wp.com\/mentesaudavel.integrativo.com.br\/wp-content\/uploads\/2018\/07\/handshake-190x300.png?resize=350%2C200","width":350,"height":200},"classes":[]}],"jetpack_sharing_enabled":true,"_links":{"self":[{"href":"https:\/\/integrativo.com.br\/portal\/wp-json\/wp\/v2\/pages\/649","targetHints":{"allow":["GET"]}}],"collection":[{"href":"https:\/\/integrativo.com.br\/portal\/wp-json\/wp\/v2\/pages"}],"about":[{"href":"https:\/\/integrativo.com.br\/portal\/wp-json\/wp\/v2\/types\/page"}],"author":[{"embeddable":true,"href":"https:\/\/integrativo.com.br\/portal\/wp-json\/wp\/v2\/users\/3"}],"replies":[{"embeddable":true,"href":"https:\/\/integrativo.com.br\/portal\/wp-json\/wp\/v2\/comments?post=649"}],"version-history":[{"count":7,"href":"https:\/\/integrativo.com.br\/portal\/wp-json\/wp\/v2\/pages\/649\/revisions"}],"predecessor-version":[{"id":2644,"href":"https:\/\/integrativo.com.br\/portal\/wp-json\/wp\/v2\/pages\/649\/revisions\/2644"}],"wp:attachment":[{"href":"https:\/\/integrativo.com.br\/portal\/wp-json\/wp\/v2\/media?parent=649"}],"curies":[{"name":"wp","href":"https:\/\/api.w.org\/{rel}","templated":true}]}}